{"id":968,"date":"2017-01-10T14:43:44","date_gmt":"2017-01-10T14:43:44","guid":{"rendered":"http:\/\/adam.test\/?page_id=968\/"},"modified":"2023-01-31T14:19:15","modified_gmt":"2023-01-31T14:19:15","slug":"about-us","status":"publish","type":"page","link":"https:\/\/adam.ee\/et\/about-us\/","title":{"rendered":"Meist"},"content":{"rendered":"<p>ADAMLIGHTS: kogemused ja innovatsioon<\/p>\n<p>Kaunistame professionaalsete valguslahendustega avalikku ruumi, hooneid ja kodusid. Silmale iluks, hingele r\u00f5\u00f5muks.<\/p>\n<p>23-aastase kogemusega ADAMLIGHTS oskab luua lummavaid valguslahendusi. Pakume terviklahendust: disain, tootmine, paigaldus, hooldus ja ladustamine.<\/p>\n<p><img loading=\"lazy\" decoding=\"async\" class=\"size-large wp-image-1792 aligncenter\" src=\"https:\/\/adam.ee\/wp-content\/uploads\/2018\/05\/BALT8029-1024x683.jpg\" alt=\"\" width=\"1024\" height=\"683\" \/><\/p>\n<p>Ettev\u00f5tte loomisest saadik on eriline t\u00e4helepanu tootedisainil, mis k\u00e4ib k\u00e4sik\u00e4es innovatsiooniga. Nii on j\u00f5ulukaunistuste uus trend v\u00e4rvi muutev RGB-tehnoloogia, mida juhitakse DMX-iga. Selliseid tooteid eraldi programmeerides saab luua ka valgusetendusi. Tihti tuleb aga soovitud lahenduse saamiseks kombineerida erinevaid dekoratiivseid materjale ja valgusallikaid.<\/p>\n<p>Disainist olulisem on kvaliteet. Testime k\u00f5iki materjale ja komponente erinevates ilmastikutingimustes aastaringselt ja v\u00f5tame kasutusele \u00fcksnes need, mille t\u00f6\u00f6kindluses oleme veendunud. ADAMLIGHTS-i tooted valmivad oma ala proffide k\u00e4es M\u00e4rjamaal \u00e4sja renoveeritud 4000 m\u00b2 suuruses tootmiskompleksis.<\/p>\n<p><img loading=\"lazy\" decoding=\"async\" class=\"size-large wp-image-1791 aligncenter\" src=\"https:\/\/adam.ee\/wp-content\/uploads\/2018\/05\/stage-background-1024x695.jpg\" alt=\"\" width=\"1024\" height=\"695\" \/>ADAMLIGHTS on kasvanud aastatega globaalse haardega ettev\u00f5tteks.Kuigi eri riikidest p\u00e4rit klientidel on erinevad maitsed ja ootused, teame t\u00e4na t\u00e4psemalt kui eales varem, mida meilt oodatakse. V\u00f5tame r\u00f5\u00f5muga vastu kuitahes keerulisi v\u00e4ljakutseid, olenemata tellija asukohast ja t\u00f6\u00f6mahust.<\/p>\n<p>Meie kliendid on rahul. Tunnustust tuleb k\u00f5ikjalt: lisaks P\u00f5hja-Euroopale Suurbritanniast, Saksamaalt, Itaaliast, \u0160veitsist, Ukrainast, Rumeeniast, Uus-Meremaalt, Ameerika \u00dchendriikidest, Araabia \u00dchendemiraatidest ja mujalt..<\/p>\n","protected":false},"excerpt":{"rendered":"<p>ADAMLIGHTS: kogemused ja innovatsioon Kaunistame professionaalsete valguslahendustega avalikku ruumi, hooneid ja kodusid. Silmale iluks, hingele r\u00f5\u00f5muks. 23-aastase kogemusega ADAMLIGHTS oskab luua lummavaid valguslahendusi. Pakume terviklahendust: disain, tootmine, paigaldus, hooldus ja ladustamine. Ettev\u00f5tte loomisest saadik on eriline t\u00e4helepanu tootedisainil, mis k\u00e4ib k\u00e4sik\u00e4es innovatsiooniga. Nii on j\u00f5ulukaunistuste uus trend v\u00e4rvi muutev RGB-tehnoloogia, mida juhitakse DMX-iga. Selliseid tooteid [&hellip;]<\/p>\n","protected":false},"author":2,"featured_media":0,"parent":0,"menu_order":0,"comment_status":"closed","ping_status":"closed","template":"about-us.php","meta":{"_acf_changed":false,"footnotes":""},"class_list":["post-968","page","type-page","status-publish","hentry"],"acf":[],"_links":{"self":[{"href":"https:\/\/adam.ee\/et\/wp-json\/wp\/v2\/pages\/968","targetHints":{"allow":["GET"]}}],"collection":[{"href":"https:\/\/adam.ee\/et\/wp-json\/wp\/v2\/pages"}],"about":[{"href":"https:\/\/adam.ee\/et\/wp-json\/wp\/v2\/types\/page"}],"author":[{"embeddable":true,"href":"https:\/\/adam.ee\/et\/wp-json\/wp\/v2\/users\/2"}],"replies":[{"embeddable":true,"href":"https:\/\/adam.ee\/et\/wp-json\/wp\/v2\/comments?post=968"}],"version-history":[{"count":16,"href":"https:\/\/adam.ee\/et\/wp-json\/wp\/v2\/pages\/968\/revisions"}],"predecessor-version":[{"id":10826,"href":"https:\/\/adam.ee\/et\/wp-json\/wp\/v2\/pages\/968\/revisions\/10826"}],"wp:attachment":[{"href":"https:\/\/adam.ee\/et\/wp-json\/wp\/v2\/media?parent=968"}],"curies":[{"name":"wp","href":"https:\/\/api.w.org\/{rel}","templated":true}]}}