{"id":996,"date":"2017-01-10T14:43:44","date_gmt":"2017-01-10T14:43:44","guid":{"rendered":"http:\/\/adam.test\/?page_id=996"},"modified":"2023-01-31T14:18:59","modified_gmt":"2023-01-31T14:18:59","slug":"about-us","status":"publish","type":"page","link":"https:\/\/adam.ee\/fi\/about-us\/","title":{"rendered":"Meist\u00e4"},"content":{"rendered":"<p>ADAMLIGHTS on julkisten tilojen koriste- ja taidevalojen osaaja<\/p>\n<p><strong>ADAMLIGHTS on yksi Pohjois-Euroopan suurimmista koriste- ja taidevalotoimittajista, jolla on \u00a023 vuoden kokemus. <\/strong><\/p>\n<p>ADAMLIGHTS takaa laajan tuotevalikoiman, tuotteiden hyv\u00e4n saatavuuden ja suurten hankkeiden joustavan sujuvuuden.Asiakas on meill\u00e4 kaiken toimintamme keski\u00f6ss\u00e4 ja saa meilt\u00e4 toiveidensa mukaisesti r\u00e4\u00e4t\u00e4l\u00f6idyt valoratkaisut. Kokonaispalvelumme kattaa ammattilaisten laatiman suunnittelun, korkealaatuiset tuotteet, nopean toteutuksen, osaavan asennuksen ja laadukkaan huollon sek\u00e4 tarvittaessa my\u00f6s varastoinnin.<\/p>\n<p><img loading=\"lazy\" decoding=\"async\" class=\"size-large wp-image-1792 aligncenter\" src=\"https:\/\/adam.ee\/wp-content\/uploads\/2018\/05\/BALT8029-1024x683.jpg\" alt=\"\" width=\"1024\" height=\"683\" \/><\/p>\n<p>Tuotesuunnittelu on aina ollut ADAMLIGHTS-in vahvuus ja valoihin on yhdistetty teknisi\u00e4 innovaatioita ja uusia ratkaisuja. Viimeisint\u00e4 innovointia edustavat v\u00e4ri\u00e4 vaihtavat valokoristeet, joiden avulla valokoristeet ja -tapahtumat pystyt\u00e4\u00e4n luomaan t\u00e4ysin yksil\u00f6llisiksi.<\/p>\n<p>T\u00e4rkein avainsanamme on laatu. Kaikki materiaalit ja komponentit on valittu parhailta valmistajilta ja tuotteet testattu eri s\u00e4\u00e4oloissa ymp\u00e4rivuotisesti. Tarjoamme ainoastaan tuotteita, joita k\u00e4ytett\u00e4ess\u00e4 voimme olla varmoja niiden toimintakyvyst\u00e4. ADAMLIGHTS on uudistanut 4000 m2 tuotantolaitoksensa. Ty\u00f6ntekij\u00e4mme ovat alansa ammattilaisia ja prosessit valvotaan digitaalisesti<\/p>\n<p><img loading=\"lazy\" decoding=\"async\" class=\"size-large wp-image-1791 aligncenter\" src=\"https:\/\/adam.ee\/wp-content\/uploads\/2018\/05\/stage-background-1024x695.jpg\" alt=\"\" width=\"1024\" height=\"695\" \/><\/p>\n<p>ADAMLIGHTS on tullut maailmanlaajuinen yritys, joka on t\u00e4ytt\u00e4nyt asiakkaiden odotukset eri maissa ja kulttuureissa. Olemme saaneet hyv\u00e4ksynn\u00e4n pohjoiseurooppalaisen kotimme lis\u00e4ksi my\u00f6s mm. Isossa-Britanniassa, Saksassa, Italiassa, Sveitsiss\u00e4, Ukrainassa, Romaniassa, Uudessa-Seelannissa ja Yhdysvalloissa.<\/p>\n<p>Valoratkaisujen tuotanto on ala, jonka oppimiseen tarvitaan vuosien kokemus. Asiakkaiden toiveet ovat kaikkialla maailmassa erilaisia ja tied\u00e4mme nyt paremmin kuin koskaan aiemmin, mit\u00e4 meilt\u00e4 odotetaan. Otamme vastaan haasteet &#8211; asiakkaan sijainnista ja ty\u00f6n laajuudesta riippumatta.<\/p>\n","protected":false},"excerpt":{"rendered":"<p>ADAMLIGHTS on julkisten tilojen koriste- ja taidevalojen osaaja ADAMLIGHTS on yksi Pohjois-Euroopan suurimmista koriste- ja taidevalotoimittajista, jolla on \u00a023 vuoden kokemus. ADAMLIGHTS takaa laajan tuotevalikoiman, tuotteiden hyv\u00e4n saatavuuden ja suurten hankkeiden joustavan sujuvuuden.Asiakas on meill\u00e4 kaiken toimintamme keski\u00f6ss\u00e4 ja saa meilt\u00e4 toiveidensa mukaisesti r\u00e4\u00e4t\u00e4l\u00f6idyt valoratkaisut. Kokonaispalvelumme kattaa ammattilaisten laatiman suunnittelun, korkealaatuiset tuotteet, nopean toteutuksen, osaavan [&hellip;]<\/p>\n","protected":false},"author":2,"featured_media":0,"parent":0,"menu_order":0,"comment_status":"closed","ping_status":"closed","template":"about-us.php","meta":{"_acf_changed":false,"footnotes":""},"class_list":["post-996","page","type-page","status-publish","hentry"],"acf":[],"_links":{"self":[{"href":"https:\/\/adam.ee\/fi\/wp-json\/wp\/v2\/pages\/996","targetHints":{"allow":["GET"]}}],"collection":[{"href":"https:\/\/adam.ee\/fi\/wp-json\/wp\/v2\/pages"}],"about":[{"href":"https:\/\/adam.ee\/fi\/wp-json\/wp\/v2\/types\/page"}],"author":[{"embeddable":true,"href":"https:\/\/adam.ee\/fi\/wp-json\/wp\/v2\/users\/2"}],"replies":[{"embeddable":true,"href":"https:\/\/adam.ee\/fi\/wp-json\/wp\/v2\/comments?post=996"}],"version-history":[{"count":16,"href":"https:\/\/adam.ee\/fi\/wp-json\/wp\/v2\/pages\/996\/revisions"}],"predecessor-version":[{"id":10513,"href":"https:\/\/adam.ee\/fi\/wp-json\/wp\/v2\/pages\/996\/revisions\/10513"}],"wp:attachment":[{"href":"https:\/\/adam.ee\/fi\/wp-json\/wp\/v2\/media?parent=996"}],"curies":[{"name":"wp","href":"https:\/\/api.w.org\/{rel}","templated":true}]}}