{"id":998,"date":"2017-01-10T14:43:44","date_gmt":"2017-01-10T14:43:44","guid":{"rendered":"http:\/\/adam.test\/?page_id=998"},"modified":"2023-01-31T14:20:25","modified_gmt":"2023-01-31T14:20:25","slug":"about-us","status":"publish","type":"page","link":"https:\/\/adam.ee\/lv\/about-us\/","title":{"rendered":"Par mums"},"content":{"rendered":"<p>ADAMLIGHTS: pieredze un inov\u0101cijas<\/p>\n<p>23 darb\u012bbas gados ADAMLIGHTS ir k\u013cuvis par Baltijas valstu tirgus l\u012bderi, un m\u016bsu \u0123eogr\u0101fiskais p\u0101rkl\u0101jums papla\u0161in\u0101s. M\u0113s s\u0101k\u0101m ar apgaismojuma ier\u012b\u010du vairumtirdzniec\u012bbu un esam k\u013cuvu\u0161i par profesion\u0101lu Ziemassv\u0113tku spuldz\u012b\u0161u virte\u0146u ra\u017eot\u0101ju, kas t\u0101s pieg\u0101d\u0101 klientiem vis\u0101 pasaul\u0113. M\u0113s pied\u0101v\u0101jam pilnu ciklu: no dizaina un izgatavo\u0161anas l\u012bdz uzst\u0101d\u012b\u0161anai un uztur\u0113\u0161anai.<\/p>\n<p>M\u0113s esam tur\u0113ju\u0161ies l\u012bdzi \u0101trajai tehnolo\u0123iju att\u012bst\u012bbai un \u012bstenoju\u0161i klientu v\u0113lmes da\u017e\u0101d\u0101s valst\u012bs un kult\u016bras vid\u0113s. Esam guvu\u0161i atsauc\u012bbu kaimi\u0146valst\u012bs \u2013 Latvij\u0101, Lietuv\u0101, Zviedrij\u0101, Somij\u0101, turkl\u0101t par mums interes\u0113jas un m\u016bsu ra\u017eot\u0101s apgaismojuma ier\u012bces atz\u012bst ar\u012b V\u0101cij\u0101, Lielbrit\u0101nij\u0101, It\u0101lij\u0101, \u0160veic\u0113, Ukrain\u0101, Rum\u0101nij\u0101, Kazahst\u0101n\u0101, Jaunz\u0113land\u0113 un daudz\u0101s cit\u0101s valst\u012bs.<\/p>\n<p><img loading=\"lazy\" decoding=\"async\" class=\"alignleft wp-image-1961 size-large\" src=\"https:\/\/adam.ee\/wp-content\/uploads\/2018\/05\/BALT8029-1024x683.jpg\" alt=\"\" width=\"1024\" height=\"683\" \/><\/p>\n<p>M\u0113s pied\u0101v\u0101jam liela apjoma projektus. M\u016bsu klientu vid\u016b atrodams vairums viet\u0113jo pa\u0161vald\u012bbu un tirdzniec\u012bbas centru Baltijas valst\u012bs, k\u0101 ar\u012b esam str\u0101d\u0101ju\u0161i Sanktp\u0113terburg\u0101, Helsinku Vant\u0101 lidost\u0101, Ronneb\u012b (Ronneby) un S\u0113lenas (S\u00e4len) sl\u0113po\u0161anas k\u016brort\u0101 Zviedrij\u0101. M\u0113s esam rot\u0101ju\u0161i Kau\u0146as pili Lietuv\u0101, sadarbojamies ar tirdzniec\u012bbas zonu Sickla Stokholm\u0101. Protams, mums ir projekti ar\u012b m\u016bsu dzimtaj\u0101 valst\u012b: pas\u0101kumi par godu Igaunijas Republikas 100\u00a0gadu jubilejai, gaismas risin\u0101jumi Igaunijas Nacion\u0101laj\u0101 muzej\u0101 (Eesti Rahva Muuseum), ar Eiropas Savien\u012bbas prezident\u016bru saist\u012bti projekti, sadarb\u012bba ar viesn\u012bcu Hilton Tallinn Park utt.<\/p>\n<p>Lai \u012bstenotu \u0161os projektus, esam visaptvero\u0161i atjaunoju\u0161i savas ra\u017eo\u0161anas telpas. M\u016bsu r\u012bc\u012bb\u0101 ir 4000\u00a0m\u00b2 liela ra\u017eo\u0161anas plat\u012bba Igaunij\u0101, un visi darbinieki ir savas jomas speci\u0101listi. M\u016bsu uz\u0146\u0113muma atsl\u0113gas v\u0101rds ir kvalit\u0101te. Visus materi\u0101lus un komponentes m\u0113s izv\u0113lamies no lab\u0101kajiem ra\u017eot\u0101jiem, m\u0113s test\u0113jam materi\u0101lus da\u017e\u0101dos laikapst\u0101k\u013cos visa gada garum\u0101 un tikai tad, kad esam p\u0101rliecin\u0101ju\u0161ies par to funkcion\u0113\u0161anas sp\u0113ju, m\u0113s tos pied\u0101v\u0101jam saviem klientiem.<\/p>\n<p><img loading=\"lazy\" decoding=\"async\" class=\"alignleft size-large wp-image-1960\" src=\"https:\/\/adam.ee\/wp-content\/uploads\/2018\/05\/stage-background-1024x695.jpg\" alt=\"\" width=\"1024\" height=\"695\" \/><\/p>\n<p>Kop\u0161 savas darb\u012bbas s\u0101kuma esam uzsv\u0113ru\u0161i to, cik liela noz\u012bme ir produktu dizainam, un \u0161\u012b p\u0101rliec\u012bba ir k\u013cuvusi par vienu no m\u016bsu priek\u0161roc\u012bb\u0101m. Uzvara dizaina konkurs\u0101, g\u016bstot iesp\u0113ju rot\u0101t Sanktp\u0113terburgas galveno Ziemassv\u0113tku egli 2013.\u00a0gad\u0101, bija skaidrs apliecin\u0101jums tam, ka dodamies pareizaj\u0101 virzien\u0101. M\u0113s vienm\u0113r tiecamies rast risin\u0101jumu, izce\u013cot klienta vienreiz\u012bgumu.<\/p>\n<p>Gaismas risin\u0101jumu izgatavo\u0161ana ir joma, kur\u0101 aroda apguvei ir nepiecie\u0161ama ilggad\u0113ja pieredze. Piepras\u012bjums da\u017e\u0101d\u0101s valst\u012bs ir \u013coti daudzveid\u012bgs\u00a0\u2013 to nosaka at\u0161\u0137ir\u012bg\u0101 klientu gaume un v\u0113lmes, tom\u0113r tagad m\u0113s lab\u0101k nek\u0101 jebkad agr\u0101k zin\u0101m, kas no mums tiek sagaid\u012bts. M\u0113s esam gatavi pie\u0146emt sare\u017e\u0123\u012btus izaicin\u0101jumus neatkar\u012bgi no klienta atra\u0161an\u0101s vietas un darba apjoma.<\/p>\n","protected":false},"excerpt":{"rendered":"<p>ADAMLIGHTS: pieredze un inov\u0101cijas 23 darb\u012bbas gados ADAMLIGHTS ir k\u013cuvis par Baltijas valstu tirgus l\u012bderi, un m\u016bsu \u0123eogr\u0101fiskais p\u0101rkl\u0101jums papla\u0161in\u0101s. M\u0113s s\u0101k\u0101m ar apgaismojuma ier\u012b\u010du vairumtirdzniec\u012bbu un esam k\u013cuvu\u0161i par profesion\u0101lu Ziemassv\u0113tku spuldz\u012b\u0161u virte\u0146u ra\u017eot\u0101ju, kas t\u0101s pieg\u0101d\u0101 klientiem vis\u0101 pasaul\u0113. M\u0113s pied\u0101v\u0101jam pilnu ciklu: no dizaina un izgatavo\u0161anas l\u012bdz uzst\u0101d\u012b\u0161anai un uztur\u0113\u0161anai. M\u0113s esam [&hellip;]<\/p>\n","protected":false},"author":2,"featured_media":0,"parent":0,"menu_order":0,"comment_status":"closed","ping_status":"closed","template":"about-us.php","meta":{"_acf_changed":false,"footnotes":""},"class_list":["post-998","page","type-page","status-publish","hentry"],"acf":[],"_links":{"self":[{"href":"https:\/\/adam.ee\/lv\/wp-json\/wp\/v2\/pages\/998","targetHints":{"allow":["GET"]}}],"collection":[{"href":"https:\/\/adam.ee\/lv\/wp-json\/wp\/v2\/pages"}],"about":[{"href":"https:\/\/adam.ee\/lv\/wp-json\/wp\/v2\/types\/page"}],"author":[{"embeddable":true,"href":"https:\/\/adam.ee\/lv\/wp-json\/wp\/v2\/users\/2"}],"replies":[{"embeddable":true,"href":"https:\/\/adam.ee\/lv\/wp-json\/wp\/v2\/comments?post=998"}],"version-history":[{"count":20,"href":"https:\/\/adam.ee\/lv\/wp-json\/wp\/v2\/pages\/998\/revisions"}],"predecessor-version":[{"id":10516,"href":"https:\/\/adam.ee\/lv\/wp-json\/wp\/v2\/pages\/998\/revisions\/10516"}],"wp:attachment":[{"href":"https:\/\/adam.ee\/lv\/wp-json\/wp\/v2\/media?parent=998"}],"curies":[{"name":"wp","href":"https:\/\/api.w.org\/{rel}","templated":true}]}}