{"id":1004,"date":"2017-09-07T11:23:46","date_gmt":"2017-09-07T11:23:46","guid":{"rendered":"http:\/\/adam.test\/?page_id=1004"},"modified":"2023-01-31T14:18:23","modified_gmt":"2023-01-31T14:18:23","slug":"om-oss","status":"publish","type":"page","link":"https:\/\/adam.ee\/sv\/om-oss\/","title":{"rendered":"Om oss"},"content":{"rendered":"<p>ADAMLIGHTS: erfarenhet och innovation<\/p>\n<p><strong>Vi dekorerar offentliga lokaler och byggnader med professionella designade belysningsl\u00f6sningar som fascinerar och gl\u00e4djer alla.<\/strong><\/p>\n<p>Med sin 23 \u00e5rs erfarenhet kan ADAMLIGHTS \u00e5stadkomma magiska effekter med hj\u00e4lp av belysning. Vi str\u00e4var alltid efter att tillhandah\u00e5lla designl\u00f6sningar med h\u00e4nsyn till kundens unika s\u00e4rdrag och hur framst\u00e5ende den aktuella platsen \u00e4r. Den b\u00e4sta st\u00e4mningen skapas oftast i samarbete. ADAMLIGHTS erbjuder en helhetsl\u00f6sning: fr\u00e5n design och tillverkning till montering och underh\u00e5ll.<\/p>\n<p><img loading=\"lazy\" decoding=\"async\" class=\"alignleft size-full wp-image-5518\" src=\"https:\/\/adam.ee\/wp-content\/uploads\/2021\/02\/BALT8029-1024x683-1.jpg\" alt=\"\" width=\"1024\" height=\"683\" srcset=\"https:\/\/adam.ee\/wp-content\/uploads\/2021\/02\/BALT8029-1024x683-1.jpg 1024w, https:\/\/adam.ee\/wp-content\/uploads\/2021\/02\/BALT8029-1024x683-1-300x200.jpg 300w, https:\/\/adam.ee\/wp-content\/uploads\/2021\/02\/BALT8029-1024x683-1-768x512.jpg 768w\" sizes=\"auto, (max-width: 1024px) 100vw, 1024px\" \/><\/p>\n<p>Sedan b\u00f6rjan p\u00e5 v\u00e5r verksamhet har vi lagt stor vikt vid produktdesign som har blivit en av v\u00e5ra f\u00f6rdelar. Vi har inf\u00f6rt tekniska innovationer och nya belysningsl\u00f6sningar i v\u00e5ra produkter. Den senaste nyheten \u00e4r anv\u00e4ndning av DMX-styrd f\u00e4rgskiftande RGB-teknik i juldekorationer. Ljusshower kan skapas genom individuell produktprogrammering. Ibland uppn\u00e5s \u00f6nskade belysningsl\u00f6sningar med hj\u00e4lp av kombinationer av olika dekorativa material och belysningstekniker.<\/p>\n<p>Kvalitet \u00e4r det viktigaste nyckelordet f\u00f6r oss. Alla utvalda material och komponenter kommer fr\u00e5n de b\u00e4sta tillverkarna, vi testar materialen \u00e5ret runt i olika v\u00e4derf\u00f6rh\u00e5llanden och erbjuder dem till v\u00e5ra kunder f\u00f6rst n\u00e4r vi \u00e4r \u00f6vertygade om deras p\u00e5litlighet. Vi har grundligt f\u00f6rnyat v\u00e5ra produktionslokaler, bl.a. en 4000 m\u00b2 produktionsanl\u00e4ggning i Estland. V\u00e5ra anst\u00e4llda \u00e4r specialister inom sina respektive omr\u00e5den och processerna styrs digitalt.<\/p>\n<p><img loading=\"lazy\" decoding=\"async\" class=\"alignleft size-full wp-image-5507\" src=\"https:\/\/adam.ee\/wp-content\/uploads\/2021\/02\/stage-background-1024x695-1.jpg\" alt=\"\" width=\"1024\" height=\"695\" srcset=\"https:\/\/adam.ee\/wp-content\/uploads\/2021\/02\/stage-background-1024x695-1.jpg 1024w, https:\/\/adam.ee\/wp-content\/uploads\/2021\/02\/stage-background-1024x695-1-300x204.jpg 300w, https:\/\/adam.ee\/wp-content\/uploads\/2021\/02\/stage-background-1024x695-1-768x521.jpg 768w\" sizes=\"auto, (max-width: 1024px) 100vw, 1024px\" \/><\/p>\n<p>ADAMLIGHTS har utvecklats till ett f\u00f6retag med global r\u00e4ckvidd. Vi har uppfyllt kunders f\u00f6rv\u00e4ntningar i olika l\u00e4nder och kulturmilj\u00f6er. F\u00f6rutom hemma i Nordeuropa har vi vunnit uppskattning i Storbritannien, Tyskland, Italien, Schweiz, Ukraina, Rum\u00e4nien, Nya Zeeland, USA, UAE och m\u00e5nga andra l\u00e4nder.<\/p>\n<p>Tillverkning av belysningsl\u00f6sningar \u00e4r en bransch d\u00e4r kompetens f\u00f6ruts\u00e4tter \u00e5tskilliga \u00e5rs erfarenhet. Kunders smak och f\u00f6rv\u00e4ntningar varierar mellan olika l\u00e4nder och idag vet vi b\u00e4ttre \u00e4n n\u00e5gonsin f\u00f6rr vad som f\u00f6rv\u00e4ntas av oss. Vi \u00e4r beredda att klara komplicerade utmaningar oavsett plats eller uppdragets omfattning.<\/p>\n","protected":false},"excerpt":{"rendered":"<p>ADAMLIGHTS: erfarenhet och innovation Vi dekorerar offentliga lokaler och byggnader med professionella designade belysningsl\u00f6sningar som fascinerar och gl\u00e4djer alla. Med sin 23 \u00e5rs erfarenhet kan ADAMLIGHTS \u00e5stadkomma magiska effekter med hj\u00e4lp av belysning. Vi str\u00e4var alltid efter att tillhandah\u00e5lla designl\u00f6sningar med h\u00e4nsyn till kundens unika s\u00e4rdrag och hur framst\u00e5ende den aktuella platsen \u00e4r. Den b\u00e4sta [&hellip;]<\/p>\n","protected":false},"author":2,"featured_media":0,"parent":0,"menu_order":0,"comment_status":"closed","ping_status":"closed","template":"about-us.php","meta":{"_acf_changed":false,"footnotes":""},"class_list":["post-1004","page","type-page","status-publish","hentry"],"acf":[],"_links":{"self":[{"href":"https:\/\/adam.ee\/sv\/wp-json\/wp\/v2\/pages\/1004","targetHints":{"allow":["GET"]}}],"collection":[{"href":"https:\/\/adam.ee\/sv\/wp-json\/wp\/v2\/pages"}],"about":[{"href":"https:\/\/adam.ee\/sv\/wp-json\/wp\/v2\/types\/page"}],"author":[{"embeddable":true,"href":"https:\/\/adam.ee\/sv\/wp-json\/wp\/v2\/users\/2"}],"replies":[{"embeddable":true,"href":"https:\/\/adam.ee\/sv\/wp-json\/wp\/v2\/comments?post=1004"}],"version-history":[{"count":13,"href":"https:\/\/adam.ee\/sv\/wp-json\/wp\/v2\/pages\/1004\/revisions"}],"predecessor-version":[{"id":10511,"href":"https:\/\/adam.ee\/sv\/wp-json\/wp\/v2\/pages\/1004\/revisions\/10511"}],"wp:attachment":[{"href":"https:\/\/adam.ee\/sv\/wp-json\/wp\/v2\/media?parent=1004"}],"curies":[{"name":"wp","href":"https:\/\/api.w.org\/{rel}","templated":true}]}}